{"id":5022,"date":"2018-10-27T19:46:23","date_gmt":"2018-10-27T17:46:23","guid":{"rendered":"https:\/\/www.die-partei-dortmund.de\/shop\/?post_type=product&#038;p=5022"},"modified":"2022-11-07T03:28:51","modified_gmt":"2022-11-07T02:28:51","slug":"krawatte-button","status":"publish","type":"product","link":"https:\/\/die-partei-dortmund.de\/shop\/produkt\/krawatte-button\/","title":{"rendered":"Krawatte &#8211; Button"},"content":{"rendered":"<p style=\"text-align: left;padding-left: 40px\">Durchmesser \u00d8 25mm (1 Inch) mit Sicherheitsnadel.<\/p>\n<p>Das Buttonmaterial besteht aus einer Unterseite und einer Oberseite aus Weissblech, die mit einer gl\u00e4nzenden Folie (Mylar) verpresst wird. Der Druck ist wasserfest, licht- und sonnenbest\u00e4ndig (verblasst auch \u00fcber Jahre nicht).<\/p>\n<p>Lieferzeit ca. 3-5 Werktage<\/p>\n","protected":false},"excerpt":{"rendered":"<p>Durchmesser \u00d8 25mm (1 Inch) mit Sicherheitsnadel. Das Buttonmaterial besteht aus einer Unterseite und einer Oberseite aus Weissblech, die mit einer gl\u00e4nzenden Folie (Mylar) verpresst wird. Der Druck ist wasserfest, licht- und sonnenbest\u00e4ndig (verblasst auch \u00fcber Jahre nicht). Lieferzeit ca. &hellip;<\/p>\n<p class=\"read-more\"> <a class=\"more-link\" href=\"https:\/\/die-partei-dortmund.de\/shop\/produkt\/krawatte-button\/\"> <span class=\"screen-reader-text\">Krawatte &#8211; Button<\/span> Read More &raquo;<\/a><\/p>\n","protected":false},"featured_media":5024,"comment_status":"open","ping_status":"closed","template":"","meta":{"_crdt_document":""},"product_brand":[],"product_cat":[191],"product_tag":[],"class_list":{"0":"post-5022","1":"product","2":"type-product","3":"status-publish","4":"has-post-thumbnail","6":"product_cat-buttons","8":"first","9":"instock","10":"purchasable","11":"product-type-simple"},"_links":{"self":[{"href":"https:\/\/die-partei-dortmund.de\/shop\/wp-json\/wp\/v2\/product\/5022","targetHints":{"allow":["GET"]}}],"collection":[{"href":"https:\/\/die-partei-dortmund.de\/shop\/wp-json\/wp\/v2\/product"}],"about":[{"href":"https:\/\/die-partei-dortmund.de\/shop\/wp-json\/wp\/v2\/types\/product"}],"replies":[{"embeddable":true,"href":"https:\/\/die-partei-dortmund.de\/shop\/wp-json\/wp\/v2\/comments?post=5022"}],"wp:featuredmedia":[{"embeddable":true,"href":"https:\/\/die-partei-dortmund.de\/shop\/wp-json\/wp\/v2\/media\/5024"}],"wp:attachment":[{"href":"https:\/\/die-partei-dortmund.de\/shop\/wp-json\/wp\/v2\/media?parent=5022"}],"wp:term":[{"taxonomy":"product_brand","embeddable":true,"href":"https:\/\/die-partei-dortmund.de\/shop\/wp-json\/wp\/v2\/product_brand?post=5022"},{"taxonomy":"product_cat","embeddable":true,"href":"https:\/\/die-partei-dortmund.de\/shop\/wp-json\/wp\/v2\/product_cat?post=5022"},{"taxonomy":"product_tag","embeddable":true,"href":"https:\/\/die-partei-dortmund.de\/shop\/wp-json\/wp\/v2\/product_tag?post=5022"}],"curies":[{"name":"wp","href":"https:\/\/api.w.org\/{rel}","templated":true}]}}